{"id":794,"date":"2022-12-11T22:08:56","date_gmt":"2022-12-11T22:08:56","guid":{"rendered":"http:\/\/marchefruttasi.com\/politique-de-confidentialite\/"},"modified":"2022-12-24T00:59:43","modified_gmt":"2022-12-24T00:59:43","slug":"politique-de-confidentialite","status":"publish","type":"page","link":"https:\/\/www.marchefruttasi.com\/fr\/politique-de-confidentialite\/","title":{"rendered":"Politique de confidentialit\u00e9"},"content":{"rendered":"\t\t<div data-elementor-type=\"wp-page\" data-elementor-id=\"794\" class=\"elementor elementor-794 elementor-3\">\n\t\t\t\t\t\t\t\t\t<section class=\"elementor-section elementor-top-section elementor-element elementor-element-257f152e elementor-section-full_width elementor-section-height-default elementor-section-height-default\" data-id=\"257f152e\" data-element_type=\"section\" data-settings=\"{&quot;background_background&quot;:&quot;classic&quot;,&quot;background_motion_fx_motion_fx_scrolling&quot;:&quot;yes&quot;,&quot;background_motion_fx_devices&quot;:[&quot;desktop&quot;,&quot;tablet&quot;,&quot;mobile&quot;]}\">\n\t\t\t\t\t\t\t<div class=\"elementor-background-overlay\"><\/div>\n\t\t\t\t\t\t\t<div class=\"elementor-container elementor-column-gap-default\">\n\t\t\t\t\t<div class=\"elementor-column elementor-col-100 elementor-top-column elementor-element elementor-element-232ddc85\" data-id=\"232ddc85\" data-element_type=\"column\">\n\t\t\t<div class=\"elementor-widget-wrap elementor-element-populated\">\n\t\t\t\t\t\t\t\t<div class=\"elementor-element elementor-element-6e72085a elementor-align-center elementor-widget elementor-widget-breadcrumbs\" data-id=\"6e72085a\" data-element_type=\"widget\" data-widget_type=\"breadcrumbs.default\">\n\t\t\t\t<div class=\"elementor-widget-container\">\n\t\t\t<nav aria-label=\"breadcrumbs\" class=\"rank-math-breadcrumb\"><p><span class=\"last\">Home<\/span><\/p><\/nav>\t\t<\/div>\n\t\t\t\t<\/div>\n\t\t\t\t\t<\/div>\n\t\t<\/div>\n\t\t\t\t\t\t\t<\/div>\n\t\t<\/section>\n\t\t\t\t<section class=\"elementor-section elementor-top-section elementor-element elementor-element-2f67a4a4 elementor-section-boxed elementor-section-height-default elementor-section-height-default\" data-id=\"2f67a4a4\" data-element_type=\"section\" data-settings=\"{&quot;background_background&quot;:&quot;classic&quot;}\">\n\t\t\t\t\t\t<div class=\"elementor-container elementor-column-gap-default\">\n\t\t\t\t\t<div class=\"elementor-column elementor-col-100 elementor-top-column elementor-element elementor-element-72288788\" data-id=\"72288788\" data-element_type=\"column\" data-settings=\"{&quot;background_background&quot;:&quot;classic&quot;}\">\n\t\t\t<div class=\"elementor-widget-wrap elementor-element-populated\">\n\t\t\t\t\t\t\t\t<div class=\"elementor-element elementor-element-6a57cd68 elementor-widget elementor-widget-text-editor\" data-id=\"6a57cd68\" data-element_type=\"widget\" data-widget_type=\"text-editor.default\">\n\t\t\t\t<div class=\"elementor-widget-container\">\n\t\t\t<style>\/*! elementor - v3.10.2 - 29-01-2023 *\/\n.elementor-widget-text-editor.elementor-drop-cap-view-stacked .elementor-drop-cap{background-color:#818a91;color:#fff}.elementor-widget-text-editor.elementor-drop-cap-view-framed .elementor-drop-cap{color:#818a91;border:3px solid;background-color:transparent}.elementor-widget-text-editor:not(.elementor-drop-cap-view-default) .elementor-drop-cap{margin-top:8px}.elementor-widget-text-editor:not(.elementor-drop-cap-view-default) .elementor-drop-cap-letter{width:1em;height:1em}.elementor-widget-text-editor .elementor-drop-cap{float:left;text-align:center;line-height:1;font-size:50px}.elementor-widget-text-editor .elementor-drop-cap-letter{display:inline-block}<\/style>\t\t\t\t<p>Frutta Si prend au s\u00e9rieux la protection de vos renseignements personnels. La politique suivante pr\u00e9cise de quelle mani\u00e8re nous utiliserons vos renseignements personnels.<\/p>\n<h2>Renseignements recueillis et leur utilisation<\/h2>\n<p>Vous conservez toujours le contr\u00f4le sur les renseignements que vous confiez \u00e0 Frutta Si. Nous recueillons deux types de renseignements \u00e0 propos de nos visiteurs: des renseignements personnels (tels le nom, le code postal, l\u2019adresse de courriel), que vous nous avez soumis de fa\u00e7on volontaire, et des renseignements d\u2019ensemble (tels l\u2019information sur le nombre de visiteurs qui ouvrent une session sur nos sites, les pages qu\u2019ils visitent, etc.).<\/p>\n<p>Nous recueillons, maintenons et pouvons utiliser les renseignements personnels que vous avez volontairement soumis afin de communiquer avec vous, notamment par courriel, ainsi que pour r\u00e9pondre \u00e0 vos commentaires ou demandes d\u2019information. Nous pouvons utiliser \u00e9galement vos renseignements personnels pour communiquer avec vous \u00e0 propos du service g\u00e9n\u00e9ral de Frutta Si ainsi que pour vous envoyer les bulletins ou alertes auxquels vous vous \u00eates inscrit avec consentement explicite,, des promotions et de nouveaux produits susceptibles de vous int\u00e9resser, \u00e0 moins que vous ne refusiez de recevoir ces envois. Pour ce faire, vous devez vous \u00ab d\u00e9sabonner \u00bb sur le lien que vous trouverez au bas des courriels de Frutta Si. Par ailleurs, il est possible que nous utilisions vos renseignements personnels pour vous offrir des produits et services cibl\u00e9s parmi les plus utiles pour r\u00e9pondre \u00e0 vos besoins et vos demandes.<\/p>\n<p>Toute communication avec notre \u00e9quipe de service \u00e0 la client\u00e8le peut \u00eatre enregistr\u00e9e afin de nous aider \u00e0 toujours mieux vous servir.<\/p>\n<h2>Partage et transfert de donn\u00e9es<\/h2>\n<p>\u00c0 aucun moment Frutta Si n\u2019acceptera, sans votre consentement, d\u2019\u00e9changer, de vendre ou de partager vos renseignements personnels pour qu\u2019ils soient utilis\u00e9s par une autre entreprise, \u00e0 l\u2019exception des entreprises \u00e0 qui vous avez soumis vos renseignements, \u00e0 moins que la loi ne l\u2019exige ou qu\u2019on vous ait mentionn\u00e9 des intentions autres au moment de la collecte de renseignements. Si vous consentez \u00e0 partager vos renseignements avec d\u2019autres entreprises, il est possible que nous les partagions avec des entreprises offrant des produits et services susceptibles de vous int\u00e9resser. Ces entreprises communiqueront alors avec vous directement pour vous offrir des produits, des \u00e9chantillons ou des renseignements personnalis\u00e9s, ou pour vous demander votre opinion sur les produits et programmes qu\u2019ils croient susceptibles de vous int\u00e9resser.<\/p>\n<p>En g\u00e9n\u00e9ral, vos renseignements personnels sont entrepos\u00e9s dans les banques de donn\u00e9es de Frutta Si, qui sont conserv\u00e9es au Canada. Tous les d\u00e9tails \u00e0 ce sujet sont pr\u00e9cis\u00e9s sur le formulaire de consentement ou d\u2019inscription du site Web, lorsque requis.<\/p>\n<h2>T\u00e9moins<\/h2>\n<p>Les t\u00e9moins (cookies) nous permettent, de plusieurs mani\u00e8res, de rendre votre visite sur notre site Web plus agr\u00e9able et significative pour vous. Les t\u00e9moins sont des fichiers texte que votre navigateur place dans votre ordinateur lorsque vous visitez un site Web. Il est possible que Frutta Si utilise la technologie de \u00ab t\u00e9moins \u00bb pour obtenir de vous des renseignements non personnels \u00e0 titre de visiteur en ligne. La plupart des navigateurs acceptent syst\u00e9matiquement les t\u00e9moins, mais ils peuvent \u00eatre configur\u00e9s pour ne plus les accepter ou pour indiquer \u00e0 quel moment un t\u00e9moin vous est envoy\u00e9. Frutta Si peut \u00e9galement utiliser des soi-disant \u00ab pixel espions \u00bb pour acc\u00e9der aux renseignements contenus dans ses t\u00e9moins du r\u00e9seau des sites de Frutta Si et des banni\u00e8res publicitaires interactives.<\/p>\n<h2>Vous pouvez choisir que l\u2019on puisse communiquer avec vous ou non<\/h2>\n<p>Notre site vous permet de choisir, par exemple, de recevoir ou de cesser de recevoir nos communications. Si vous souhaitez vous d\u00e9sabonner des programmes de Frutta Si auxquels vous vous \u00eates inscrit, ou pour emp\u00eacher toute autre utilisation de vos renseignements personnels, vous pouvez le faire\u00a0<a href=\"https:\/\/www.marchefruttasi.com\/fr\/desinscrire\">ici<\/a>.<\/p>\n<p>Pour emp\u00eacher toute autre utilisation de vos renseignements personnels, nous vous offrirons une m\u00e9thode pour vous d\u00e9sabonner des programmes en ligne de Frutta Si.<\/p>\n<h2>Protection des enfants<\/h2>\n<p>Nous veillons \u00e0 prot\u00e9ger la confidentialit\u00e9 des enfants, et nous nous conformons aux lois nationales et internationales r\u00e9gissant les renseignements personnels des enfants.<\/p>\n<h2>S\u00e9curit\u00e9<\/h2>\n<p>Nous faisons tout en notre pouvoir pour assurer, autant que possible, la s\u00e9curit\u00e9 des renseignements que vous nous confiez en ligne contre tout acc\u00e8s et utilisation non autoris\u00e9s.<\/p>\n<h2>Plaintes<\/h2>\n<p>Nous nous engageons \u00e0 collaborer avec vous afin de r\u00e9soudre de fa\u00e7on \u00e9quitable et rapide toute plainte ou tout litige se rapportant \u00e0 la confidentialit\u00e9. Si vous avez des questions se rapportant \u00e0 notre Politique de confidentialit\u00e9, veuillez\u00a0<a href=\"https:\/\/www.marchefruttasi.com\/fr\/contact\/\">nous contacter<\/a>.<\/p>\n<h2>Liens vers d\u2019autres sites<\/h2>\n<p>Frutta Si peut offrir des liens vers d\u2019autres sites Web. Frutta Si ne peut contr\u00f4ler les pratiques de confidentialit\u00e9 ni le contenu de ces sites Web. C\u2019est pourquoi nous vous recommandons de lire attentivement les politiques de confidentialit\u00e9 de chaque site que vous visitez.<\/p>\n<h2>Votre acceptation de nos pratiques de confidentialit\u00e9<\/h2>\n<p>Par l\u2019utilisation de ce site Web ou de toute banni\u00e8re publicitaire interactive de Frutta Si, vous manifestez votre acceptation de notre Politique de confidentialit\u00e9, ainsi que votre conformit\u00e9 aux\u00a0<a href=\"https:\/\/www.marchefruttasi.com\/fr\/conditions-dutilisation\/\">conditions d\u2019utilisation<\/a>\u00a0pr\u00e9sent\u00e9es sur le site Web.<\/p>\n<h2>Changements \u00e0 cette politique<\/h2>\n<p>Frutta Si peut mettre \u00e0 jour ou modifier cette politique. Nous vous informerons de tout changement significatif dans la mani\u00e8re dont nous traitons les renseignements personnels en vous envoyant une note \u00e0 l\u2019adresse de courriel principale que vous avez fournie au moment de votre inscription ou en affichant une note bien visible sur notre site.<\/p>\n<h2>Comment communiquer avec nous<\/h2>\n<p>Frutta Si s\u2019engage \u00e0 collaborer avec les consommateurs afin de r\u00e9soudre de fa\u00e7on \u00e9quitable et rapide toute plainte ou tout litige se rapportant \u00e0 la confidentialit\u00e9. Si vous avez des questions se rapportant \u00e0 notre Politique de confidentialit\u00e9, veuillez\u00a0<a href=\"https:\/\/www.marchefruttasi.com\/fr\/contactez-nous\">nous contacter<\/a>\u00a0ou en nous envoyant une lettre \u00e0:<\/p>\n<p>Frutta Si<br \/>\n1255,\u00a0Boulevard\u00a0Shevchenko LaSalle (QC)<br \/>\nH8N1N8<\/p>\n\t\t\t\t\t\t<\/div>\n\t\t\t\t<\/div>\n\t\t\t\t\t<\/div>\n\t\t<\/div>\n\t\t\t\t\t\t\t<\/div>\n\t\t<\/section>\n\t\t\t\t\t\t\t<\/div>\n\t\t","protected":false},"excerpt":{"rendered":"<p>Home Frutta Si prend au s\u00e9rieux la protection de vos renseignements personnels. La politique suivante pr\u00e9cise de quelle mani\u00e8re nous utiliserons vos renseignements personnels. Renseignements recueillis et leur utilisation Vous conservez toujours le contr\u00f4le sur les renseignements que vous confiez \u00e0 Frutta Si. Nous recueillons deux types de renseignements \u00e0 propos de nos visiteurs: des [&hellip;]<\/p>\n","protected":false},"author":1,"featured_media":0,"parent":0,"menu_order":0,"comment_status":"closed","ping_status":"open","template":"","meta":{"footnotes":""},"class_list":["post-794","page","type-page","status-publish","hentry"],"_links":{"self":[{"href":"https:\/\/www.marchefruttasi.com\/fr\/wp-json\/wp\/v2\/pages\/794","targetHints":{"allow":["GET"]}}],"collection":[{"href":"https:\/\/www.marchefruttasi.com\/fr\/wp-json\/wp\/v2\/pages"}],"about":[{"href":"https:\/\/www.marchefruttasi.com\/fr\/wp-json\/wp\/v2\/types\/page"}],"author":[{"embeddable":true,"href":"https:\/\/www.marchefruttasi.com\/fr\/wp-json\/wp\/v2\/users\/1"}],"replies":[{"embeddable":true,"href":"https:\/\/www.marchefruttasi.com\/fr\/wp-json\/wp\/v2\/comments?post=794"}],"version-history":[{"count":3,"href":"https:\/\/www.marchefruttasi.com\/fr\/wp-json\/wp\/v2\/pages\/794\/revisions"}],"predecessor-version":[{"id":1065,"href":"https:\/\/www.marchefruttasi.com\/fr\/wp-json\/wp\/v2\/pages\/794\/revisions\/1065"}],"wp:attachment":[{"href":"https:\/\/www.marchefruttasi.com\/fr\/wp-json\/wp\/v2\/media?parent=794"}],"curies":[{"name":"wp","href":"https:\/\/api.w.org\/{rel}","templated":true}]}}