{"id":796,"date":"2022-12-13T20:31:11","date_gmt":"2022-12-13T20:31:11","guid":{"rendered":"http:\/\/marchefruttasi.com\/conditions-dutilisation\/"},"modified":"2022-12-24T00:35:11","modified_gmt":"2022-12-24T00:35:11","slug":"conditions-dutilisation","status":"publish","type":"page","link":"https:\/\/www.marchefruttasi.com\/fr\/conditions-dutilisation\/","title":{"rendered":"Conditions d\u2019utilisation"},"content":{"rendered":"\t\t<div data-elementor-type=\"wp-page\" data-elementor-id=\"796\" class=\"elementor elementor-796 elementor-255\">\n\t\t\t\t\t\t\t\t\t<section class=\"elementor-section elementor-top-section elementor-element elementor-element-525b1ebc elementor-section-full_width elementor-section-height-default elementor-section-height-default\" data-id=\"525b1ebc\" data-element_type=\"section\" data-settings=\"{&quot;background_background&quot;:&quot;classic&quot;,&quot;background_motion_fx_motion_fx_scrolling&quot;:&quot;yes&quot;,&quot;background_motion_fx_devices&quot;:[&quot;desktop&quot;,&quot;tablet&quot;,&quot;mobile&quot;]}\">\n\t\t\t\t\t\t\t<div class=\"elementor-background-overlay\"><\/div>\n\t\t\t\t\t\t\t<div class=\"elementor-container elementor-column-gap-default\">\n\t\t\t\t\t<div class=\"elementor-column elementor-col-100 elementor-top-column elementor-element elementor-element-2f085953\" data-id=\"2f085953\" data-element_type=\"column\">\n\t\t\t<div class=\"elementor-widget-wrap elementor-element-populated\">\n\t\t\t\t\t\t\t\t<div class=\"elementor-element elementor-element-7d1ebafa elementor-align-center elementor-widget elementor-widget-breadcrumbs\" data-id=\"7d1ebafa\" data-element_type=\"widget\" data-widget_type=\"breadcrumbs.default\">\n\t\t\t\t<div class=\"elementor-widget-container\">\n\t\t\t<nav aria-label=\"breadcrumbs\" class=\"rank-math-breadcrumb\"><p><span class=\"last\">Home<\/span><\/p><\/nav>\t\t<\/div>\n\t\t\t\t<\/div>\n\t\t\t\t\t<\/div>\n\t\t<\/div>\n\t\t\t\t\t\t\t<\/div>\n\t\t<\/section>\n\t\t\t\t<section class=\"elementor-section elementor-top-section elementor-element elementor-element-dd61f47 elementor-section-boxed elementor-section-height-default elementor-section-height-default\" data-id=\"dd61f47\" data-element_type=\"section\" data-settings=\"{&quot;background_background&quot;:&quot;classic&quot;}\">\n\t\t\t\t\t\t<div class=\"elementor-container elementor-column-gap-default\">\n\t\t\t\t\t<div class=\"elementor-column elementor-col-100 elementor-top-column elementor-element elementor-element-89006e9\" data-id=\"89006e9\" data-element_type=\"column\" data-settings=\"{&quot;background_background&quot;:&quot;classic&quot;}\">\n\t\t\t<div class=\"elementor-widget-wrap elementor-element-populated\">\n\t\t\t\t\t\t\t\t<div class=\"elementor-element elementor-element-7f9ff43 elementor-widget elementor-widget-text-editor\" data-id=\"7f9ff43\" data-element_type=\"widget\" data-widget_type=\"text-editor.default\">\n\t\t\t\t<div class=\"elementor-widget-container\">\n\t\t\t<style>\/*! elementor - v3.10.2 - 29-01-2023 *\/\n.elementor-widget-text-editor.elementor-drop-cap-view-stacked .elementor-drop-cap{background-color:#818a91;color:#fff}.elementor-widget-text-editor.elementor-drop-cap-view-framed .elementor-drop-cap{color:#818a91;border:3px solid;background-color:transparent}.elementor-widget-text-editor:not(.elementor-drop-cap-view-default) .elementor-drop-cap{margin-top:8px}.elementor-widget-text-editor:not(.elementor-drop-cap-view-default) .elementor-drop-cap-letter{width:1em;height:1em}.elementor-widget-text-editor .elementor-drop-cap{float:left;text-align:center;line-height:1;font-size:50px}.elementor-widget-text-editor .elementor-drop-cap-letter{display:inline-block}<\/style>\t\t\t\t<h2>Accord entre l\u2019utilisateur et Frutta Si<\/h2>\n<p>Le site est offert par Frutta Si, en association avec les entreprises affili\u00e9es de Frutta Si. Le \u00ab Site \u00bb comprend entre autres : (a) tous les sites Web, microsites \u00e0 double enseigne, services ou applications d\u00e9tenus ou fournis par Frutta Si, ainsi que tous les services offerts sur ou par le biais de www.marchefruttasi.com, en plus de tous les autres services accessibles au www.marchefruttasi.com (\u00ab Services \u00bb); (b) toutes les offres et applications de logiciels d\u00e9tenus ou fournis par Frutta Si et\/ou offerts sur ou par le biais de www.marchefruttasi.com (\u00ab Logiciel \u00bb); et (c) les pages Web, donn\u00e9es, textes, images, photographies, \u00e9l\u00e9ments graphiques, audio et vid\u00e9o, ainsi que les mat\u00e9riaux incluant entre autres les offres et bons-rabais, documents de marketing, communiqu\u00e9s de presse, livres blancs, fiches techniques des produits et autres renseignements et contenus disponibles sur ou par le biais de, ou soumis sur ou par le biais de www.marchefruttasi.com (\u00ab Contenu \u00bb). En acc\u00e9dant au Site ou en l\u2019utilisant, vous acceptez de vous conformer et d\u2019\u00eatre li\u00e9 aux conditions (\u00ab Conditions d\u2019utilisation \u00bb) et \u00e0 la\u00a0<a href=\"https:\/\/www.marchefruttasi.com\/fr\/politique-de-confidentialite\/\">politique de confidentialit\u00e9<\/a>\u00a0de Frutta Si.<\/p>\n<p>SI VOUS N\u2019ACCEPTEZ PAS CES CONDITIONS D\u2019UTILISATION, NOUS VOUS PRIONS DE NE PAS UTILISER CE SITE.<\/p>\n<h2>Mises \u00e0 jour<\/h2>\n<p>Frutta Si peut r\u00e9viser ces Conditions d\u2019utilisation ou sa Politique de confidentialit\u00e9 en tout temps. Si Frutta Si d\u00e9cide de modifier ces Conditions d\u2019utilisation, il affichera les changements apport\u00e9s dans le texte des Conditions d\u2019utilisation ou \u00e0 un autre endroit que Frutta Si jugera appropri\u00e9 afin que vous soyez bien inform\u00e9 de tout changement. Tout changement entrera en vigueur d\u00e8s l\u2019affichage de la r\u00e9vision, et votre utilisation continue du Site suivant l\u2019affichage constituera votre acceptation des Conditions d\u2019utilisation r\u00e9vis\u00e9es.<\/p>\n<h2>Confidentialit\u00e9<\/h2>\n<p>Pour Frutta Si, la protection de vos donn\u00e9es personnelles est tr\u00e8s importante, et c\u2019est pourquoi nous avons \u00e9labor\u00e9 une Politique de confidentialit\u00e9 qui d\u00e9crit les politiques et les pratiques li\u00e9es \u00e0 la collecte de donn\u00e9es de Frutta Si. Vous trouverez une r\u00e9f\u00e9rence \u00e0 cette Politique de confidentialit\u00e9 dans les pr\u00e9sentes, bien qu\u2019elle y soit enti\u00e8rement formul\u00e9e.<\/p>\n<h2>Enfants<\/h2>\n<p>Si vous \u00eates \u00e2g\u00e9 de moins de 13 ans, nous vous prions de ne pas utiliser le site, de n\u2019y acc\u00e9der \u00e0 aucun moment et d\u2019aucune mani\u00e8re, et de ne pas soumettre vos renseignements au Site ni \u00e0 Frutta Si.<\/p>\n<h2>Autres conditions<\/h2>\n<p>Certaines sections du Site peuvent pr\u00e9senter des r\u00e8glements, lignes directrices, conventions de droits d\u2019utilisation suppl\u00e9mentaires, ou d\u2019autres conditions se rapportant \u00e0 votre acc\u00e8s et\/ou utilisation de cette section du Site et, \u00e0 l\u2019occasion, celles-ci peuvent faire l\u2019objet de r\u00e9vision (\u00ab Autres conditions \u00bb). En cas de conflit ou de contradiction entre les pr\u00e9sentes Conditions d\u2019utilisation et les Autres conditions, les Autres conditions auront pr\u00e9s\u00e9ance en ce qui concerne votre acc\u00e8s \u00e0 cette section du Site et son utilisation.<\/p>\n<h2>Utilisation du site<\/h2>\n<p>Vous acceptez de ne pas acc\u00e9der au Site ni de l\u2019utiliser de quelque mani\u00e8re susceptible d\u2019endommager, de d\u00e9sactiver, de surcharger ind\u00fbment ou d\u2019alt\u00e9rer les r\u00e9seaux et syst\u00e8mes de Frutta Si. Vous acceptez de ne pas tenter d\u2019obtenir un acc\u00e8s autoris\u00e9 aux sections s\u00e9curis\u00e9es du Site, aux r\u00e9seaux et aux syst\u00e8mes de Frutta Si, et de ne pas nuire ni tenter de nuire aux r\u00e9seaux et syst\u00e8mes de Frutta Si. Vous acceptez de ne pas tenter de nuire aux Services offerts aux utilisateurs, h\u00f4tes et r\u00e9seaux, entre autres en soumettant des virus au Site, en envoyant des pourriels, en cr\u00e9ant des pannes ou autre. Vous acceptez de ne pas utiliser des robots ou des araign\u00e9es, ni un quelconque moyen automatis\u00e9 pour acc\u00e9der au Site ou \u00e0 un autre r\u00e9seau ou syst\u00e8me de Frutta Si ou pour les utiliser.<\/p>\n<h2>Services<\/h2>\n<p>Frutta Si peut modifier les Services offerts sur ou par le biais du Site en tout temps et sans avis. Frutta Si ne peut garantir que le Site sera disponible \u00e0 votre emplacement, et tout renvoi aux Services \u00e0 l\u2019int\u00e9rieur du Site n\u2019implique pas que les Services pourront \u00eatre utilis\u00e9s par vous et\/ou \u00e0 votre emplacement.<\/p>\n<h2>Contenu<\/h2>\n<p>Frutta Si ne peut garantir que le Contenu est exact, complet ou opportun, et toute d\u00e9cision de faire confiance \u00e0 l\u2019information incluse dans le Contenu ou fournie sur ou par le biais du Site est \u00e0 vos propres risques.<\/p>\n<h2>Contenu du site d\u2019une tierce partie<\/h2>\n<p>Le Site propose des liens vers d\u2019autres sites Web ainsi qu\u2019un acc\u00e8s \u00e0 des contenus, des produits et des services de tierces parties. Frutta Si ne peut offrir aucune garantie \u00e0 cet \u00e9gard, et n\u2019accepte aucune responsabilit\u00e9 ni obligation envers l\u2019exactitude, la qualit\u00e9, le contenu, la nature ou la fiabilit\u00e9 des sites Web et des contenus accessibles par le Site. Vous assumez tous les risques associ\u00e9s \u00e0 l\u2019acc\u00e8s par vous \u00e0 de tels sites Web ainsi qu\u2019aux contenus, produits et\/ou services d\u2019une tierce partie ainsi qu\u2019\u00e0 leur utilisation. De plus, les liens vers les sites Web de tierces parties et leur contenu ne supposent pas l\u2019appui ni l\u2019affiliation de Frutta Si avec cette tierce partie ou le site Web, les produits et\/ou les services de cette tierce partie.<\/p>\n<h2>R\u00e9troaction<\/h2>\n<p>Tous les commentaires ou messages que vous soumettez \u00e0 Frutta Si par le biais du Site, y compris entre autres les r\u00e9troactions, t\u00e9moignages, images, analyses, questions, commentaires, id\u00e9es ou suggestions (collectivement appel\u00e9s \u00ab R\u00e9troaction \u00bb), seront re\u00e7us et trait\u00e9s par Frutta Si de mani\u00e8re non confidentielle et directe. De plus, Frutta Si sera libre d\u2019utiliser, copier, afficher, ex\u00e9cuter, distribuer, adapter et promouvoir, quel que soit le moyen pr\u00e9sentement connu ou ult\u00e9rieurement perfectionn\u00e9, et sans vous r\u00e9mun\u00e9rer d\u2019aucune fa\u00e7on, toute R\u00e9troaction, de m\u00eame que les id\u00e9es, concepts, savoir-faire, techniques et m\u00e9thodologies contenus dans cette R\u00e9troaction, \u00e0 toutes fins utiles, incluant entre autres l\u2019\u00e9laboration, la commercialisation et la vente de produits et\/ou services mentionn\u00e9s dans ladite R\u00e9troaction.<\/p>\n<p>Vous acceptez qu\u2019en soumettant une R\u00e9troaction, celle-ci ne violera pas les pr\u00e9sentes Conditions d\u2019utilisation ni les droits des tierces parties, notamment les droits li\u00e9s \u00e0 la confidentialit\u00e9, au droit d\u2019auteur, aux marques de commerce, aux renseignements personnels ou \u00e0 toute autre propri\u00e9t\u00e9 individuelle ou intellectuelle ou droits de propri\u00e9t\u00e9, et ne portera atteinte \u00e0 aucun individu ou entit\u00e9. Vous acceptez, de plus, qu\u2019aucune R\u00e9troaction soumise par vous ne constituera ou ne contiendra de documents diffamatoires ou autre mat\u00e9riel ill\u00e9gal, mena\u00e7ant, agressant ou obsc\u00e8ne, ni ne contiendra des virus, de la sollicitation commerciale ou autre forme de \u00ab pourriel \u00bb.<\/p>\n<h2>Propri\u00e9t\u00e9<\/h2>\n<p>Tout droit, titre et int\u00e9r\u00eat dans et envers le Site et son Contenu sont et demeureront la propri\u00e9t\u00e9 intellectuelle et l\u2019\u0153uvre prot\u00e9g\u00e9e de Frutta Si et\/ou ses autorisants, et tous les droits qui ne vous sont pas explicitement accord\u00e9s \u00e0 l\u2019\u00e9gard du Site et de son Contenu feront l\u2019objet d\u2019une r\u00e9serve expresse. Vous ne pouvez pas utiliser le nom, la marque de commerce, le logo ni les autres mat\u00e9riaux exclusifs de Frutta Si, y compris les images pr\u00e9sent\u00e9es sur le Site, le Contenu des textes, la conception des pages et les formulaires contenus sur ces pages, sans en avoir pr\u00e9alablement re\u00e7u par \u00e9crit le consentement explicite de Frutta Si. Sauf dans la mesure express\u00e9ment autoris\u00e9e par ces Conditions d\u2019utilisation, aucun Contenu ne peut \u00eatre copi\u00e9, reproduit, distribu\u00e9, r\u00e9\u00e9dit\u00e9, t\u00e9l\u00e9charg\u00e9, expos\u00e9, affich\u00e9 ou transmis sous aucune forme ni par aucun moyen, qu\u2019il soit \u00e9lectronique ou m\u00e9canique, par photocopie, enregistrement ou autre, sans en avoir pr\u00e9alablement re\u00e7u par \u00e9crit le consentement de Frutta Si ou du propri\u00e9taire respectif.<\/p>\n<h2>D\u00e9ni de responsabilit\u00e9<\/h2>\n<p>SAUF EN CAS DE MENTION EXPLICITE OU CONTRAIRE, LE SITE EST OFFERT \u00ab TEL QUEL \u00bb ET \u00ab TEL QUE DISPONIBLE \u00bb. FRUTTA SI D\u00c9CLINE EXPLICITEMENT TOUT ENGAGEMENT, QU\u2019IL SOIT EXPLICITE OU IMPLICITE, NOTAMMENT LES GARANTIES IMPLICITES DE QUALIT\u00c9 MARCHANDE, D\u2019AD\u00c9QUATION \u00c0 UN USAGE PARTICULIER ET D\u2019ABSENCE DE VIOLATION OU DE CONTREFA\u00c7ON. DE PLUS, FRUTTA SI NE PEUT GARANTIR QUE : (A) LE SITE, LES SERVICES ET LE CONTENU R\u00c9PONDRONT \u00c0 VOS BESOINS; (B) LE SITE SERA DISPONIBLE SANS INTERRUPTION, OPPORTUN, S\u00c9CURIS\u00c9 OU EXEMPT D\u2019ERREUR; (C) LES R\u00c9SULTATS ISSUS DE L\u2019UTILISATION DU SITE, DES SERVICES, DES LOGICIELS OU DE TOUT CONTENU FOURNI SUR OU PAR LE BIAIS DU SITE SERONT EXACTS, OPPORTUNS OU FIABLES; ET (D) LA QUALIT\u00c9 DE TOUT SERVICE OU CONTENU QUE VOUS OBTENEZ SUR OU PAR LE BIAIS DU SITE R\u00c9PONDRA \u00c0 VOS ATTENTES. TOUT SERVICE, LOGICIEL OU CONTENU AUQUEL VOUS ACC\u00c9DEZ, QUE VOUS UTILISEZ, T\u00c9L\u00c9CHARGEZ OU OBTENEZ DE QUELQUE MANI\u00c8RE QUE CE SOIT SUR OU PAR LE BIAIS DU SITE EST UTILIS\u00c9 PAR VOUS \u00c0 VOS PROPRES RISQUES. FRUTTA SI N\u2019ASSUMERA AUCUNE RESPONSABILIT\u00c9 NI OBLIGATION \u00c0 L\u2019\u00c9GARD DE TOUT DOMMAGE CAUS\u00c9 \u00c0 VOTRE SYST\u00c8ME INFORMATIQUE OU DE TOUTE PERTE DE DONN\u00c9ES POUVANT R\u00c9SULTER DE L\u2019UTILISATION DU SITE, D\u2019UN LOGICIEL OU DU CONTENU.<\/p>\n<h2>Limitation de la responsabilit\u00e9<\/h2>\n<p>EN AUCUN CAS FRUTTA SI ET SES AUTORISANTS NE POURRONT \u00caTRE TENUS RESPONSABLES POUR LES DOMMAGES DIRECTS, INDIRECTS, CONS\u00c9CUTIFS, ACCESSOIRES OU CONS\u00c9QUENTS, OU POUR LES DOMMAGES REPR\u00c9SENT\u00c9S PAR UNE PERTE DE PROFITS, DE REVENUS, DE DONN\u00c9ES OU FONCTIONNELLE, SUBIS PAR VOUS OU PAR UNE TIERCE PARTIE, QUE CE SOIT PAR UNE ACTION CONTRACTUELLE OU D\u00c9LICTUELLE, D\u00c9COULANT DE VOTRE ACC\u00c8S \u00c0, OU DE VOTRE UTILISATION DE, OU DE VOTRE INCAPACIT\u00c9 \u00c0 UTILISER LE SITE OU UN SERVICE, LOGICIEL OU CONTENU FOURNI SUR OU PAR LE BIAIS DU SITE, M\u00caME SI FRUTTA SI A \u00c9T\u00c9 INFORM\u00c9 DE LA POSSIBILIT\u00c9 DE TELS DOMMAGES OU DE TELLES PERTES. NONOBSTANT TOUT CE QUI PR\u00c9C\u00c8DE, LA RESPONSABILIT\u00c9 TOTALE DE FRUTTA SI ET DE SES AUTORISANTS, QUE CE SOIT PAR CONTRAT, GARANTIE OU D\u00c9LIT (NOTAMMENT PAR N\u00c9GLIGENCE), LA RESPONSABILIT\u00c9 ASSOCI\u00c9E AUX PRODUITS, LA RESPONSABILIT\u00c9 ABSOLUE OU TOUTE AUTRE TH\u00c9ORIE JURIDIQUE, ASSOCI\u00c9ES \u00c0 TOUTE R\u00c9CLAMATION D\u00c9COULANT DE OU LI\u00c9E \u00c0 L\u2019UTILISATION DU SITE OU \u00c0 SON ACC\u00c8S POUR QUELQUE RAISON QUE CE SOIT SERA LIMIT\u00c9E AU CO\u00dbT DE L\u2019ACC\u00c8S AU SITE, LE CAS \u00c9CH\u00c9ANT.<\/p>\n<h2>Restrictions<\/h2>\n<p>CERTAINES AUTORIT\u00c9S N\u2019ADMETTENT PAS LE D\u00c9NI DE RESPONSABILIT\u00c9 OU L\u2019EXCLUSION DE CERTAINES GARANTIES, OU LE D\u00c9NI DE RESPONSABILIT\u00c9 OU L\u2019EXCLUSION DE CERTAINES OBLIGATIONS. DANS LA MESURE O\u00d9 ELLES SONT JUG\u00c9ES NON VALIDES SUR LE PLAN JURIDIQUE, LES AVIS DE D\u00c9NI DE RESPONSABILIT\u00c9, LES EXCLUSIONS ET LES RESTRICTIONS FORMUL\u00c9ES AUX PR\u00c9SENTES CONDITIONS D\u2019UTILISATION NE S\u2019APPLIQUENT PAS; TOUTEFOIS, TOUTES LES AUTRES CONDITIONS S\u2019APPLIQUERONT ET DEMEURERONT EN VIGUEUR.<\/p>\n<h2>Indemnisation<\/h2>\n<p>Vous acceptez de d\u00e9fendre, d\u2019indemniser et de d\u00e9gager Frutta Si et ses administrateurs, directeurs, employ\u00e9s, agents et soci\u00e9t\u00e9s affili\u00e9es de toute responsabilit\u00e9 \u00e0 l\u2019\u00e9gard des r\u00e9clamations, poursuites judiciaires, dommages, pr\u00e9judices, obligations, pertes, frais ou d\u00e9penses (incluant les honoraires d\u2019avocat raisonnables et les d\u00e9penses li\u00e9es \u00e0 tout litige) pouvant d\u00e9couler de ou li\u00e9s \u00e0 l\u2019utilisation par vous du Site, des Services ou du Contenu ou la violation par vous de ces Conditions d\u2019utilisation.<\/p>\n<h2>R\u00e9siliation<\/h2>\n<p>Frutta Si a le droit, mais non l\u2019obligation, de superviser toute activit\u00e9 ayant lieu sur le Site. Frutta Si peut divulguer de l\u2019information provenant du Site \u00e0 une tierce partie, notamment aux autorit\u00e9s polici\u00e8res, afin de prot\u00e9ger ses droits et sa propri\u00e9t\u00e9 contre toute proc\u00e9dure judiciaire, lorsqu\u2019il croit de bonne foi qu\u2019une divulgation est justifi\u00e9e ou requise ou dans le cas d\u2019une situation d\u2019urgence. Frutta Si peut investiguer suivant une d\u00e9claration de violation de ses politiques ou une plainte, et prendre toute mesure jug\u00e9e appropri\u00e9e, en tout temps, y compris la suspension ou la r\u00e9siliation de l\u2019acc\u00e8s au Site ou \u00e0 tout Service, Logiciel ou Contenu applicable et\/ou de leur utilisation. De plus, Frutta Si peut, \u00e0 sa discr\u00e9tion et en tout temps, cesser d\u2019offrir ou limiter l\u2019acc\u00e8s au Site ou \u00e0 une section du Site.<\/p>\n<h2>Loi applicable<\/h2>\n<p>Ces Conditions d\u2019utilisation seront r\u00e9gies et interpr\u00e9t\u00e9es en conformit\u00e9 avec les lois de la Province de Qu\u00e9bec, sans \u00e9gard aux principes relatifs aux conflits de lois qui y sont pr\u00e9vus. Sans \u00e9gard \u00e0 l\u2019emplacement d\u2019o\u00f9 vous avez acc\u00e8s au Site ou d\u2019o\u00f9 vous l\u2019utilisez, vous acceptez que toute poursuite en justice ou en \u00e9quit\u00e9 d\u00e9coulant de ou en lien avec ces Conditions d\u2019utilisation ne soit pr\u00e9sent\u00e9e et statu\u00e9e que dans les tribunaux f\u00e9d\u00e9raux ou provinciaux situ\u00e9s \u00e0 Montr\u00e9al, Qu\u00e9bec, et par la pr\u00e9sente, vous consentez et vous soumettez irr\u00e9vocablement et inconditionnellement \u00e0 la comp\u00e9tence exclusive et audit emplacement de ces tribunaux dans l\u2019\u00e9ventualit\u00e9 d\u2019une poursuite, action ou proc\u00e9dure pouvant d\u00e9couler de ces Conditions d\u2019utilisation.<\/p>\n<h2>Conformit\u00e9 aux lois<\/h2>\n<p>Vous acceptez de ne pas utiliser le Site, les Services ou le Contenu offert sur ou par le biais du Site \u00e0 des fins ill\u00e9gales ou proscrites par ces Conditions d\u2019utilisation. De plus, vous acceptez de ne pas acc\u00e9der au Site, aux Services ou au Contenu offerts sur et par le biais du Site, les t\u00e9l\u00e9charger, les utiliser ni les exporter en violation des lois canadiennes r\u00e9gissant l\u2019exportation de marchandises ou de tout autre loi, r\u00e8glement ou r\u00e9glementation applicable. Vous acceptez de vous conformer \u00e0 toutes les lois et restrictions li\u00e9es \u00e0 l\u2019exportation des agences ou autorit\u00e9s canadiennes ou \u00e9trang\u00e8res, et de ne pas, directement ou indirectement, donner ou permettre l\u2019acc\u00e8s d\u2019aucune mani\u00e8re au Site, aux Services ou au Contenu en violation avec de telles restrictions, lois, r\u00e8glements ou r\u00e9glementation, ou sans avoir obtenu toutes les approbations n\u00e9cessaires.<\/p>\n<h2>G\u00e9n\u00e9ralit\u00e9s<\/h2>\n<p>Ces Conditions d\u2019utilisation et toute autre politique ou ligne directrice \u00e9lectroniques cit\u00e9es en r\u00e9f\u00e9rence et, par le fait m\u00eame, incluses aux pr\u00e9sentes seront jug\u00e9es conform\u00e9ment aux exigences l\u00e9gales, contractuelles et autres exigences l\u00e9gales applicables \u00e0 un document \u00e9crit, seront l\u00e9galement ex\u00e9cutoires comme un \u00e9crit sign\u00e9 \u00e0 l\u2019encontre des parties vis\u00e9es et seront consid\u00e9r\u00e9es comme un \u00ab original \u00bb et \u00ab \u00e9crit \u00bb lorsque imprim\u00e9es \u00e0 partir d\u2019archives \u00e9lectroniques \u00e9tablies et maintenues dans le cours normal des activit\u00e9s de l\u2019entreprise. Si l\u2019une ou l\u2019autre des sections de ces Conditions d\u2019utilisation est jug\u00e9e non valide, vous acceptez que cette non-validit\u00e9 n\u2019affecte pas la validit\u00e9 des autres sections de ces Conditions d\u2019utilisation. Aucune renonciation par Frutta Si \u00e0 faire valoir une violation ou un manquement \u00e0 ces Conditions d\u2019utilisation ne constituera une renonciation continue d\u2019une telle violation ou d\u2019un tel manquement et ne sera consid\u00e9r\u00e9e comme une renonciation \u00e0 faire valoir une violation ou un manquement ant\u00e9rieur ou subs\u00e9quent. Ces Conditions d\u2019utilisation repr\u00e9sentent l\u2019int\u00e9gralit\u00e9 de l\u2019entente intervenue entre Frutta Si et vous \u00e0 l\u2019\u00e9gard de l\u2019objet formul\u00e9 aux pr\u00e9sentes et remplacent toutes les ententes et repr\u00e9sentations pr\u00e9c\u00e9dentes entre Frutta Si et vous.<\/p>\n<h2>Coordonn\u00e9es<\/h2>\n<p>Pour toute question se rapportant \u00e0 ces conditions d\u2019utilisation, veuillez communiquer avec Frutta Si sous\u00a0<a href=\"https:\/\/www.marchefruttasi.com\/fr\/contactez-nous\">Contactez-nous<\/a>\u00a0ou par la poste \u00e0:<\/p>\n<p>Frutta Si<br \/>\n1255,\u00a0Boulevard\u00a0Shevchenko LaSalle (QC)<br \/>\nH8N1N8<\/p>\n\t\t\t\t\t\t<\/div>\n\t\t\t\t<\/div>\n\t\t\t\t\t<\/div>\n\t\t<\/div>\n\t\t\t\t\t\t\t<\/div>\n\t\t<\/section>\n\t\t\t\t\t\t\t<\/div>\n\t\t","protected":false},"excerpt":{"rendered":"<p>Home Accord entre l\u2019utilisateur et Frutta Si Le site est offert par Frutta Si, en association avec les entreprises affili\u00e9es de Frutta Si. Le \u00ab Site \u00bb comprend entre autres : (a) tous les sites Web, microsites \u00e0 double enseigne, services ou applications d\u00e9tenus ou fournis par Frutta Si, ainsi que tous les services offerts [&hellip;]<\/p>\n","protected":false},"author":1,"featured_media":0,"parent":0,"menu_order":0,"comment_status":"closed","ping_status":"closed","template":"","meta":{"footnotes":""},"class_list":["post-796","page","type-page","status-publish","hentry"],"_links":{"self":[{"href":"https:\/\/www.marchefruttasi.com\/fr\/wp-json\/wp\/v2\/pages\/796","targetHints":{"allow":["GET"]}}],"collection":[{"href":"https:\/\/www.marchefruttasi.com\/fr\/wp-json\/wp\/v2\/pages"}],"about":[{"href":"https:\/\/www.marchefruttasi.com\/fr\/wp-json\/wp\/v2\/types\/page"}],"author":[{"embeddable":true,"href":"https:\/\/www.marchefruttasi.com\/fr\/wp-json\/wp\/v2\/users\/1"}],"replies":[{"embeddable":true,"href":"https:\/\/www.marchefruttasi.com\/fr\/wp-json\/wp\/v2\/comments?post=796"}],"version-history":[{"count":2,"href":"https:\/\/www.marchefruttasi.com\/fr\/wp-json\/wp\/v2\/pages\/796\/revisions"}],"predecessor-version":[{"id":1042,"href":"https:\/\/www.marchefruttasi.com\/fr\/wp-json\/wp\/v2\/pages\/796\/revisions\/1042"}],"wp:attachment":[{"href":"https:\/\/www.marchefruttasi.com\/fr\/wp-json\/wp\/v2\/media?parent=796"}],"curies":[{"name":"wp","href":"https:\/\/api.w.org\/{rel}","templated":true}]}}